{"id":11348,"date":"2024-04-19T11:41:57","date_gmt":"2024-04-19T09:41:57","guid":{"rendered":"https:\/\/www.ideal-ake.at\/nl\/?page_id=11348"},"modified":"2026-01-12T08:17:57","modified_gmt":"2026-01-12T07:17:57","slug":"downloads","status":"publish","type":"page","link":"https:\/\/www.ideal-ake.at\/nl\/downloads\/","title":{"rendered":"Downloads"},"content":{"rendered":"\t\t<div data-elementor-type=\"wp-page\" data-elementor-id=\"11348\" class=\"elementor elementor-11348\" data-elementor-post-type=\"page\">\n\t\t\t\t<div class=\"elementor-element elementor-element-798303c e-con-full e-flex e-con e-parent\" data-id=\"798303c\" data-element_type=\"container\" data-e-type=\"container\" data-settings=\"{&quot;background_background&quot;:&quot;classic&quot;}\">\n\t\t<div class=\"elementor-element elementor-element-f85386e e-con-full e-flex e-con e-child\" data-id=\"f85386e\" data-element_type=\"container\" data-e-type=\"container\" data-settings=\"{&quot;shape_divider_bottom&quot;:&quot;tilt&quot;}\">\n\t\t\t\t<div class=\"elementor-shape elementor-shape-bottom\" aria-hidden=\"true\" data-negative=\"false\">\n\t\t\t<svg xmlns=\"http:\/\/www.w3.org\/2000\/svg\" viewBox=\"0 0 1000 100\" preserveAspectRatio=\"none\">\n\t<path class=\"elementor-shape-fill\" d=\"M0,6V0h1000v100L0,6z\"\/>\n<\/svg>\t\t<\/div>\n\t\t\t\t<\/div>\n\t\t<div class=\"elementor-element elementor-element-d88688d e-flex e-con-boxed e-con e-child\" data-id=\"d88688d\" data-element_type=\"container\" data-e-type=\"container\" data-settings=\"{&quot;background_background&quot;:&quot;classic&quot;}\">\n\t\t\t\t\t<div class=\"e-con-inner\">\n\t\t\t\t<div class=\"elementor-element elementor-element-1481c10 elementor-invisible elementor-widget elementor-widget-heading\" data-id=\"1481c10\" data-element_type=\"widget\" data-e-type=\"widget\" data-settings=\"{&quot;_animation&quot;:&quot;fadeIn&quot;}\" data-widget_type=\"heading.default\">\n\t\t\t\t<div class=\"elementor-widget-container\">\n\t\t\t\t\t<h1 class=\"elementor-heading-title elementor-size-default\">Downloads<\/h1>\t\t\t\t<\/div>\n\t\t\t\t<\/div>\n\t\t\t\t<div class=\"elementor-element elementor-element-00e7379 elementor-invisible elementor-widget elementor-widget-heading\" data-id=\"00e7379\" data-element_type=\"widget\" data-e-type=\"widget\" data-settings=\"{&quot;_animation&quot;:&quot;fadeIn&quot;}\" data-widget_type=\"heading.default\">\n\t\t\t\t<div class=\"elementor-widget-container\">\n\t\t\t\t\t<h2 class=\"elementor-heading-title elementor-size-default\">Altijd top ge\u00efnformeerd<\/h2>\t\t\t\t<\/div>\n\t\t\t\t<\/div>\n\t\t\t\t<div class=\"elementor-element elementor-element-51402c8 elementor-widget__width-initial elementor-widget-tablet__width-inherit elementor-invisible elementor-widget elementor-widget-text-editor\" data-id=\"51402c8\" data-element_type=\"widget\" data-e-type=\"widget\" data-settings=\"{&quot;_animation&quot;:&quot;fadeIn&quot;}\" data-widget_type=\"text-editor.default\">\n\t\t\t\t<div class=\"elementor-widget-container\">\n\t\t\t\t\t\t\t\t\t<p>Ontvang informatiemateriaal, handige handleidingen of informatie over ons bedrijf met slechts \u00e9\u00e9n klik!<\/p>\t\t\t\t\t\t\t\t<\/div>\n\t\t\t\t<\/div>\n\t\t\t\t\t<\/div>\n\t\t\t\t<\/div>\n\t\t\t\t<\/div>\n\t\t<div class=\"elementor-element elementor-element-91ab8ec e-flex e-con-boxed e-con e-parent\" data-id=\"91ab8ec\" data-element_type=\"container\" data-e-type=\"container\">\n\t\t\t\t\t<div class=\"e-con-inner\">\n\t\t<div class=\"elementor-element elementor-element-9108b6e e-con-full e-flex elementor-invisible e-con e-child\" data-id=\"9108b6e\" data-element_type=\"container\" data-e-type=\"container\" data-settings=\"{&quot;shape_divider_bottom&quot;:&quot;tilt&quot;,&quot;animation&quot;:&quot;fadeInLeft&quot;,&quot;animation_mobile&quot;:&quot;fadeInUp&quot;}\">\n\t\t\t\t<div class=\"elementor-shape elementor-shape-bottom\" aria-hidden=\"true\" data-negative=\"false\">\n\t\t\t<svg xmlns=\"http:\/\/www.w3.org\/2000\/svg\" viewBox=\"0 0 1000 100\" preserveAspectRatio=\"none\">\n\t<path class=\"elementor-shape-fill\" d=\"M0,6V0h1000v100L0,6z\"\/>\n<\/svg>\t\t<\/div>\n\t\t\t\t<div class=\"elementor-element elementor-element-3e175c7 elementor-cta--skin-cover elementor-cta--valign-bottom elementor-bg-transform elementor-bg-transform-zoom-in elementor-widget elementor-widget-call-to-action\" data-id=\"3e175c7\" data-element_type=\"widget\" data-e-type=\"widget\" data-widget_type=\"call-to-action.default\">\n\t\t\t\t<div class=\"elementor-widget-container\">\n\t\t\t\t\t\t\t<a class=\"elementor-cta\" href=\"https:\/\/www.ideal-ake.at\/nl\/documenten\/\">\n\t\t\t\t\t<div class=\"elementor-cta__bg-wrapper\">\n\t\t\t\t<div class=\"elementor-cta__bg elementor-bg\" style=\"background-image: url(https:\/\/www.ideal-ake.at\/nl\/wp-content\/uploads\/sites\/3\/2024\/04\/download-dokumente.jpg);\" role=\"img\" aria-label=\"Dokumente zum Download\"><\/div>\n\t\t\t\t<div class=\"elementor-cta__bg-overlay\"><\/div>\n\t\t\t<\/div>\n\t\t\t\t\t\t\t<div class=\"elementor-cta__content\">\n\t\t\t\t\n\t\t\t\t\t\t\t\t\t<h2 class=\"elementor-cta__title elementor-cta__content-item elementor-content-item\">\n\t\t\t\t\t\tDocumenten\t\t\t\t\t<\/h2>\n\t\t\t\t\n\t\t\t\t\n\t\t\t\t\t\t\t<\/div>\n\t\t\t\t\t\t<\/a>\n\t\t\t\t\t\t<\/div>\n\t\t\t\t<\/div>\n\t\t\t\t<\/div>\n\t\t<div class=\"elementor-element elementor-element-5b1607e e-con-full e-flex elementor-invisible e-con e-child\" data-id=\"5b1607e\" data-element_type=\"container\" data-e-type=\"container\" data-settings=\"{&quot;shape_divider_bottom&quot;:&quot;tilt&quot;,&quot;animation&quot;:&quot;fadeInRight&quot;,&quot;animation_mobile&quot;:&quot;fadeInUp&quot;}\">\n\t\t\t\t<div class=\"elementor-shape elementor-shape-bottom\" aria-hidden=\"true\" data-negative=\"false\">\n\t\t\t<svg xmlns=\"http:\/\/www.w3.org\/2000\/svg\" viewBox=\"0 0 1000 100\" preserveAspectRatio=\"none\">\n\t<path class=\"elementor-shape-fill\" d=\"M0,6V0h1000v100L0,6z\"\/>\n<\/svg>\t\t<\/div>\n\t\t\t\t<div class=\"elementor-element elementor-element-957377e elementor-cta--skin-cover elementor-cta--valign-bottom elementor-bg-transform elementor-bg-transform-zoom-in elementor-widget elementor-widget-call-to-action\" data-id=\"957377e\" data-element_type=\"widget\" data-e-type=\"widget\" data-widget_type=\"call-to-action.default\">\n\t\t\t\t<div class=\"elementor-widget-container\">\n\t\t\t\t\t\t\t<a class=\"elementor-cta\" href=\"https:\/\/www.ideal-ake.at\/nl\/brochures\/\">\n\t\t\t\t\t<div class=\"elementor-cta__bg-wrapper\">\n\t\t\t\t<div class=\"elementor-cta__bg elementor-bg\" style=\"background-image: url(https:\/\/www.ideal-ake.at\/nl\/wp-content\/uploads\/sites\/3\/2024\/04\/broschueren-download.jpg);\" role=\"img\" aria-label=\"Brosch\u00fcren zum Download\"><\/div>\n\t\t\t\t<div class=\"elementor-cta__bg-overlay\"><\/div>\n\t\t\t<\/div>\n\t\t\t\t\t\t\t<div class=\"elementor-cta__content\">\n\t\t\t\t\n\t\t\t\t\t\t\t\t\t<h2 class=\"elementor-cta__title elementor-cta__content-item elementor-content-item\">\n\t\t\t\t\t\tBrochures\t\t\t\t\t<\/h2>\n\t\t\t\t\n\t\t\t\t\n\t\t\t\t\t\t\t<\/div>\n\t\t\t\t\t\t<\/a>\n\t\t\t\t\t\t<\/div>\n\t\t\t\t<\/div>\n\t\t\t\t<\/div>\n\t\t<div class=\"elementor-element elementor-element-d2011a3 e-con-full e-flex elementor-invisible e-con e-child\" data-id=\"d2011a3\" data-element_type=\"container\" data-e-type=\"container\" data-settings=\"{&quot;shape_divider_bottom&quot;:&quot;tilt&quot;,&quot;animation&quot;:&quot;fadeInLeft&quot;,&quot;animation_mobile&quot;:&quot;fadeInUp&quot;}\">\n\t\t\t\t<div class=\"elementor-shape elementor-shape-bottom\" aria-hidden=\"true\" data-negative=\"false\">\n\t\t\t<svg xmlns=\"http:\/\/www.w3.org\/2000\/svg\" viewBox=\"0 0 1000 100\" preserveAspectRatio=\"none\">\n\t<path class=\"elementor-shape-fill\" d=\"M0,6V0h1000v100L0,6z\"\/>\n<\/svg>\t\t<\/div>\n\t\t\t\t<div class=\"elementor-element elementor-element-9d516bb elementor-cta--skin-cover elementor-cta--valign-bottom elementor-bg-transform elementor-bg-transform-zoom-in elementor-widget elementor-widget-call-to-action\" data-id=\"9d516bb\" data-element_type=\"widget\" data-e-type=\"widget\" data-widget_type=\"call-to-action.default\">\n\t\t\t\t<div class=\"elementor-widget-container\">\n\t\t\t\t\t\t\t<a class=\"elementor-cta\" href=\"https:\/\/www.ideal-ake.at\/nl\/software\/\">\n\t\t\t\t\t<div class=\"elementor-cta__bg-wrapper\">\n\t\t\t\t<div class=\"elementor-cta__bg elementor-bg\" style=\"background-image: url(https:\/\/www.ideal-ake.at\/nl\/wp-content\/uploads\/sites\/3\/2024\/05\/steuerung-neu-1140x633.jpg);\" role=\"img\" aria-label=\"neue Steuerung von IDEAL AKE\"><\/div>\n\t\t\t\t<div class=\"elementor-cta__bg-overlay\"><\/div>\n\t\t\t<\/div>\n\t\t\t\t\t\t\t<div class=\"elementor-cta__content\">\n\t\t\t\t\n\t\t\t\t\t\t\t\t\t<h2 class=\"elementor-cta__title elementor-cta__content-item elementor-content-item\">\n\t\t\t\t\t\tSoftware\t\t\t\t\t<\/h2>\n\t\t\t\t\n\t\t\t\t\n\t\t\t\t\t\t\t<\/div>\n\t\t\t\t\t\t<\/a>\n\t\t\t\t\t\t<\/div>\n\t\t\t\t<\/div>\n\t\t\t\t<\/div>\n\t\t<div class=\"elementor-element elementor-element-e8df534 e-con-full e-flex elementor-invisible e-con e-child\" data-id=\"e8df534\" data-element_type=\"container\" data-e-type=\"container\" data-settings=\"{&quot;animation&quot;:&quot;fadeInRight&quot;,&quot;animation_mobile&quot;:&quot;fadeInUp&quot;}\">\n\t\t\t\t<\/div>\n\t\t\t\t\t<\/div>\n\t\t\t\t<\/div>\n\t\t\t\t<\/div>\n\t\t","protected":false},"excerpt":{"rendered":"<p>Downloads Altijd top ge\u00efnformeerd Ontvang informatiemateriaal, handige handleidingen of informatie over ons bedrijf met slechts \u00e9\u00e9n klik! Documenten Brochures Software<\/p>\n","protected":false},"author":17,"featured_media":0,"parent":0,"menu_order":0,"comment_status":"closed","ping_status":"closed","template":"","meta":{"_acf_changed":false,"footnotes":""},"class_list":["post-11348","page","type-page","status-publish","hentry"],"yoast_head":"<!-- This site is optimized with the Yoast SEO plugin v27.1.1 - https:\/\/yoast.com\/product\/yoast-seo-wordpress\/ -->\n<title>Downloads | IDEAL AKE<\/title>\n<meta name=\"robots\" content=\"index, follow, max-snippet:-1, max-image-preview:large, max-video-preview:-1\" \/>\n<link rel=\"canonical\" href=\"https:\/\/www.ideal-ake.at\/nl\/downloads\/\" \/>\n<meta property=\"og:locale\" content=\"nl_NL\" \/>\n<meta property=\"og:type\" content=\"article\" \/>\n<meta property=\"og:title\" content=\"Downloads | IDEAL AKE\" \/>\n<meta property=\"og:description\" content=\"Downloads Altijd top ge\u00efnformeerd Ontvang informatiemateriaal, handige handleidingen of informatie over ons bedrijf met slechts \u00e9\u00e9n klik! Documenten Brochures Software\" \/>\n<meta property=\"og:url\" content=\"https:\/\/www.ideal-ake.at\/nl\/downloads\/\" \/>\n<meta property=\"og:site_name\" content=\"IDEAL AKE\" \/>\n<meta property=\"article:publisher\" content=\"https:\/\/www.facebook.com\/idealaketeam\" \/>\n<meta property=\"article:modified_time\" content=\"2026-01-12T07:17:57+00:00\" \/>\n<meta property=\"og:image\" content=\"https:\/\/www.ideal-ake.at\/nl\/wp-content\/uploads\/sites\/3\/2023\/07\/Ideal-Ake.png\" \/>\n\t<meta property=\"og:image:width\" content=\"1200\" \/>\n\t<meta property=\"og:image:height\" content=\"675\" \/>\n\t<meta property=\"og:image:type\" content=\"image\/png\" \/>\n<meta name=\"twitter:card\" content=\"summary_large_image\" \/>\n<meta name=\"twitter:label1\" content=\"Geschatte leestijd\" \/>\n\t<meta name=\"twitter:data1\" content=\"1 minuut\" \/>\n<script type=\"application\/ld+json\" class=\"yoast-schema-graph\">{\"@context\":\"https:\/\/schema.org\",\"@graph\":[{\"@type\":\"WebPage\",\"@id\":\"https:\/\/www.ideal-ake.at\/nl\/downloads\/\",\"url\":\"https:\/\/www.ideal-ake.at\/nl\/downloads\/\",\"name\":\"Downloads | IDEAL AKE\",\"isPartOf\":{\"@id\":\"https:\/\/www.ideal-ake.at\/nl\/#website\"},\"datePublished\":\"2024-04-19T09:41:57+00:00\",\"dateModified\":\"2026-01-12T07:17:57+00:00\",\"breadcrumb\":{\"@id\":\"https:\/\/www.ideal-ake.at\/nl\/downloads\/#breadcrumb\"},\"inLanguage\":\"nl-NL\",\"potentialAction\":[{\"@type\":\"ReadAction\",\"target\":[\"https:\/\/www.ideal-ake.at\/nl\/downloads\/\"]}]},{\"@type\":\"BreadcrumbList\",\"@id\":\"https:\/\/www.ideal-ake.at\/nl\/downloads\/#breadcrumb\",\"itemListElement\":[{\"@type\":\"ListItem\",\"position\":1,\"name\":\"Startseite\",\"item\":\"https:\/\/www.ideal-ake.at\/nl\/\"},{\"@type\":\"ListItem\",\"position\":2,\"name\":\"Downloads\"}]},{\"@type\":\"WebSite\",\"@id\":\"https:\/\/www.ideal-ake.at\/nl\/#website\",\"url\":\"https:\/\/www.ideal-ake.at\/nl\/\",\"name\":\"IDEAL AKE\",\"description\":\"Uw internationale specialist voor koel- en warmtetechniek!\",\"publisher\":{\"@id\":\"https:\/\/www.ideal-ake.at\/nl\/#organization\"},\"potentialAction\":[{\"@type\":\"SearchAction\",\"target\":{\"@type\":\"EntryPoint\",\"urlTemplate\":\"https:\/\/www.ideal-ake.at\/nl\/?s={search_term_string}\"},\"query-input\":{\"@type\":\"PropertyValueSpecification\",\"valueRequired\":true,\"valueName\":\"search_term_string\"}}],\"inLanguage\":\"nl-NL\"},{\"@type\":\"Organization\",\"@id\":\"https:\/\/www.ideal-ake.at\/nl\/#organization\",\"name\":\"IDEAL K\u00e4ltetechnik GmbH + AKE Ausseer K\u00e4lte- und Edelstahltechnik GmbH\",\"alternateName\":\"IDEAL AKE\",\"url\":\"https:\/\/www.ideal-ake.at\/nl\/\",\"logo\":{\"@type\":\"ImageObject\",\"inLanguage\":\"nl-NL\",\"@id\":\"https:\/\/www.ideal-ake.at\/nl\/#\/schema\/logo\/image\/\",\"url\":\"https:\/\/www.ideal-ake.at\/nl\/wp-content\/uploads\/sites\/3\/2023\/07\/ideal-ake-logo.svg\",\"contentUrl\":\"https:\/\/www.ideal-ake.at\/nl\/wp-content\/uploads\/sites\/3\/2023\/07\/ideal-ake-logo.svg\",\"width\":365.09,\"height\":132,\"caption\":\"IDEAL K\u00e4ltetechnik GmbH + AKE Ausseer K\u00e4lte- und Edelstahltechnik GmbH\"},\"image\":{\"@id\":\"https:\/\/www.ideal-ake.at\/nl\/#\/schema\/logo\/image\/\"},\"sameAs\":[\"https:\/\/www.facebook.com\/idealaketeam\",\"https:\/\/www.instagram.com\/idealaketeam\",\"https:\/\/www.linkedin.com\/company\/idealaketeam\",\"https:\/\/vimeo.com\/idealaketeam\",\"https:\/\/www.youtube.com\/@idealake_official\"]}]}<\/script>\n<!-- \/ Yoast SEO plugin. -->","yoast_head_json":{"title":"Downloads | IDEAL AKE","robots":{"index":"index","follow":"follow","max-snippet":"max-snippet:-1","max-image-preview":"max-image-preview:large","max-video-preview":"max-video-preview:-1"},"canonical":"https:\/\/www.ideal-ake.at\/nl\/downloads\/","og_locale":"nl_NL","og_type":"article","og_title":"Downloads | IDEAL AKE","og_description":"Downloads Altijd top ge\u00efnformeerd Ontvang informatiemateriaal, handige handleidingen of informatie over ons bedrijf met slechts \u00e9\u00e9n klik! Documenten Brochures Software","og_url":"https:\/\/www.ideal-ake.at\/nl\/downloads\/","og_site_name":"IDEAL AKE","article_publisher":"https:\/\/www.facebook.com\/idealaketeam","article_modified_time":"2026-01-12T07:17:57+00:00","og_image":[{"width":1200,"height":675,"url":"https:\/\/www.ideal-ake.at\/nl\/wp-content\/uploads\/sites\/3\/2023\/07\/Ideal-Ake.png","type":"image\/png"}],"twitter_card":"summary_large_image","twitter_misc":{"Geschatte leestijd":"1 minuut"},"schema":{"@context":"https:\/\/schema.org","@graph":[{"@type":"WebPage","@id":"https:\/\/www.ideal-ake.at\/nl\/downloads\/","url":"https:\/\/www.ideal-ake.at\/nl\/downloads\/","name":"Downloads | IDEAL AKE","isPartOf":{"@id":"https:\/\/www.ideal-ake.at\/nl\/#website"},"datePublished":"2024-04-19T09:41:57+00:00","dateModified":"2026-01-12T07:17:57+00:00","breadcrumb":{"@id":"https:\/\/www.ideal-ake.at\/nl\/downloads\/#breadcrumb"},"inLanguage":"nl-NL","potentialAction":[{"@type":"ReadAction","target":["https:\/\/www.ideal-ake.at\/nl\/downloads\/"]}]},{"@type":"BreadcrumbList","@id":"https:\/\/www.ideal-ake.at\/nl\/downloads\/#breadcrumb","itemListElement":[{"@type":"ListItem","position":1,"name":"Startseite","item":"https:\/\/www.ideal-ake.at\/nl\/"},{"@type":"ListItem","position":2,"name":"Downloads"}]},{"@type":"WebSite","@id":"https:\/\/www.ideal-ake.at\/nl\/#website","url":"https:\/\/www.ideal-ake.at\/nl\/","name":"IDEAL AKE","description":"Uw internationale specialist voor koel- en warmtetechniek!","publisher":{"@id":"https:\/\/www.ideal-ake.at\/nl\/#organization"},"potentialAction":[{"@type":"SearchAction","target":{"@type":"EntryPoint","urlTemplate":"https:\/\/www.ideal-ake.at\/nl\/?s={search_term_string}"},"query-input":{"@type":"PropertyValueSpecification","valueRequired":true,"valueName":"search_term_string"}}],"inLanguage":"nl-NL"},{"@type":"Organization","@id":"https:\/\/www.ideal-ake.at\/nl\/#organization","name":"IDEAL K\u00e4ltetechnik GmbH + AKE Ausseer K\u00e4lte- und Edelstahltechnik GmbH","alternateName":"IDEAL AKE","url":"https:\/\/www.ideal-ake.at\/nl\/","logo":{"@type":"ImageObject","inLanguage":"nl-NL","@id":"https:\/\/www.ideal-ake.at\/nl\/#\/schema\/logo\/image\/","url":"https:\/\/www.ideal-ake.at\/nl\/wp-content\/uploads\/sites\/3\/2023\/07\/ideal-ake-logo.svg","contentUrl":"https:\/\/www.ideal-ake.at\/nl\/wp-content\/uploads\/sites\/3\/2023\/07\/ideal-ake-logo.svg","width":365.09,"height":132,"caption":"IDEAL K\u00e4ltetechnik GmbH + AKE Ausseer K\u00e4lte- und Edelstahltechnik GmbH"},"image":{"@id":"https:\/\/www.ideal-ake.at\/nl\/#\/schema\/logo\/image\/"},"sameAs":["https:\/\/www.facebook.com\/idealaketeam","https:\/\/www.instagram.com\/idealaketeam","https:\/\/www.linkedin.com\/company\/idealaketeam","https:\/\/vimeo.com\/idealaketeam","https:\/\/www.youtube.com\/@idealake_official"]}]}},"acf":[],"_links":{"self":[{"href":"https:\/\/www.ideal-ake.at\/nl\/wp-json\/wp\/v2\/pages\/11348","targetHints":{"allow":["GET"]}}],"collection":[{"href":"https:\/\/www.ideal-ake.at\/nl\/wp-json\/wp\/v2\/pages"}],"about":[{"href":"https:\/\/www.ideal-ake.at\/nl\/wp-json\/wp\/v2\/types\/page"}],"author":[{"embeddable":true,"href":"https:\/\/www.ideal-ake.at\/nl\/wp-json\/wp\/v2\/users\/17"}],"replies":[{"embeddable":true,"href":"https:\/\/www.ideal-ake.at\/nl\/wp-json\/wp\/v2\/comments?post=11348"}],"version-history":[{"count":7,"href":"https:\/\/www.ideal-ake.at\/nl\/wp-json\/wp\/v2\/pages\/11348\/revisions"}],"predecessor-version":[{"id":12865,"href":"https:\/\/www.ideal-ake.at\/nl\/wp-json\/wp\/v2\/pages\/11348\/revisions\/12865"}],"wp:attachment":[{"href":"https:\/\/www.ideal-ake.at\/nl\/wp-json\/wp\/v2\/media?parent=11348"}],"curies":[{"name":"wp","href":"https:\/\/api.w.org\/{rel}","templated":true}]}}