{"id":238,"date":"2022-09-28T15:38:52","date_gmt":"2022-09-28T13:38:52","guid":{"rendered":"https:\/\/www.ideal-ake.at\/?page_id=238"},"modified":"2026-03-04T12:43:03","modified_gmt":"2026-03-04T11:43:03","slug":"mentions-legales","status":"publish","type":"page","link":"https:\/\/www.ideal-ake.at\/fr\/mentions-legales\/","title":{"rendered":"Mentions L\u00e9gales"},"content":{"rendered":"\t\t<div data-elementor-type=\"wp-page\" data-elementor-id=\"238\" class=\"elementor elementor-238\" data-elementor-post-type=\"page\">\n\t\t\t\t<div class=\"elementor-element elementor-element-29428cc e-flex e-con-boxed e-con e-parent\" data-id=\"29428cc\" data-element_type=\"container\" data-e-type=\"container\">\n\t\t\t\t\t<div class=\"e-con-inner\">\n\t\t\t\t<div class=\"elementor-element elementor-element-b0069e5 elementor-widget elementor-widget-heading\" data-id=\"b0069e5\" data-element_type=\"widget\" data-e-type=\"widget\" data-widget_type=\"heading.default\">\n\t\t\t\t<div class=\"elementor-widget-container\">\n\t\t\t\t\t<h1 class=\"elementor-heading-title elementor-size-default\">Legal notice<\/h1>\t\t\t\t<\/div>\n\t\t\t\t<\/div>\n\t\t\t\t<div class=\"elementor-element elementor-element-b6b5ef6 elementor-widget elementor-widget-text-editor\" data-id=\"b6b5ef6\" data-element_type=\"widget\" data-e-type=\"widget\" data-widget_type=\"text-editor.default\">\n\t\t\t\t<div class=\"elementor-widget-container\">\n\t\t\t\t\t\t\t\t\t<p><span style=\"color: #053153;\"><strong>IDEAL K\u00e4ltetechnik Ges.m.b.H.<\/strong><\/span><br \/>In der Sch\u00f6rihub 28<br \/>4810 Gmunden<br \/>Autriche<\/p><p><strong>T\u00e9l :<\/strong> +43 7612 660 61<br \/><strong>Fax :<\/strong> +43 7612 660 61 &#8211; 8<br \/><strong>E-mail :<\/strong>\u00a0<a href=\"mailto:office@ideal-ake.at\">office@ideal-ake.at<\/a><\/p><p><strong>Direction :<\/strong> Peter Habersatter, Mag. Thomas Klikowitsch, MBA<br \/><strong>Num\u00e9ro du registre du commerce et des soci\u00e9t\u00e9s :<\/strong> FN 102058k<br \/><strong>Tribunal de commerce :<\/strong> Landesgericht Wels (tribunal judiciaire de Wels)<br \/><strong>n\u00b0 de TVA :<\/strong> ATU21957906<\/p><p><strong>Objet social :<\/strong> fabrication d&rsquo;\u00e9quipements et d&rsquo;installations frigorifiques de toutes sortes sous la forme d&rsquo;une entreprise industrielle<br \/><strong>Autorit\u00e9 de contr\u00f4le\/commerciale :<\/strong> Bezirkshauptmannschaft Gmunden (administration d\u2019arrondissement de Gmunden)<br \/><strong>Affiliation \u00e0 l&rsquo;organisation des chambres de commerce :<\/strong> Wirtschaftskammer Ober\u00f6sterreich (chambre de commerce de Haute-Autriche)<br \/><strong>Propri\u00e9taire du site :<\/strong> Ideal K\u00e4ltetechnik GmbH<\/p><p><a href=\"https:\/\/firmen.wko.at\/ideal-k%C3%A4ltetechnik-gesmbh\/ober%C3%B6sterreich\/?firmaid=f8e4953a-e0bb-4d11-97f8-65d218a3c078\" target=\"_blank\" rel=\"noopener\">Devoir d&rsquo;information selon le \u00a75 de la loi autrichienne sur le e-commerce (E-Commerce Gesetz (WKO)) <\/a><\/p><p>Acc\u00e8s aux dispositions applicables en mati\u00e8re de droit commercial ou professionnel, en particulier au code du commerce : voir le syst\u00e8me d&rsquo;information juridique de la F\u00e9d\u00e9ration <a href=\"https:\/\/www.ris.bka.gv.at\/\" target=\"_blank\" rel=\"noopener\">https:\/\/www.ris.bka.gv.at\/<\/a><\/p><p>R\u00e8glement des litiges de consommation\/organisme universel de conciliation : nous tenons toutefois \u00e0 souligner que nous ne sommes ni dispos\u00e9s ni tenus de participer \u00e0 une proc\u00e9dure de r\u00e8glement des litiges devant un organisme de conciliation des consommateurs.<\/p><p><strong><span style=\"color: #43a6e2;\"><br \/>AKE Ausseer K\u00e4lte- und Edelstahltechnik GmbH<\/span><br \/><\/strong>Pichl 66<br \/>8984 Bad Mitterndorf<br \/>Autriche<\/p><p><strong>T\u00e9l:<\/strong> +43 3624 21 100 &#8211; 0<br \/><strong>Fax:<\/strong> +43 3624 21 100 &#8211; 33<br \/><strong>E-mail :<\/strong>\u00a0<a href=\"mailto:office@ideal-ake.at\">office@ideal-ake.at<\/a><\/p><p><strong>Direction :<\/strong> Peter Habersatter, Ing. Klaus Struc<br \/><strong>Num\u00e9ro du registre du commerce et des soci\u00e9t\u00e9s :<\/strong> FN 172583z<br \/><strong>Tribunal de commerce :<\/strong> Landesgericht Leoben (tribunal judiciaire de Leoben)<br \/><strong>N\u00b0 de TVA :<\/strong> ATU45173100<\/p><p><strong>Objet social :<\/strong> fabrication de meubles frigorifiques en acier inoxydable sous la forme d&rsquo;une entreprise industrielle<br \/><strong>Autorit\u00e9 de contr\u00f4le\/commerciale :<\/strong> Bezirkshauptmannschaft Leoben (administration d\u2019arrondissement de Leoben)<br \/><strong>Affiliation \u00e0 l&rsquo;organisation des chambres de commerce :<\/strong> Wirtschaftskammer Steiermark (chambre de commerce de Styrie)<br \/><strong>Propri\u00e9taire du site :<\/strong> AKE Ausseer K\u00e4lte- und Edelstahltechnik GmbH<\/p><p><a href=\"https:\/\/firmen.wko.at\/ake-ausseer-k%C3%A4lte--und-edelstahltechnik-gmbh\/steiermark\/?firmaid=7b945964-5f0e-48c3-ad89-cc1bd9ea1dad\" target=\"_blank\" rel=\"noopener\">Devoir d&rsquo;information selon le \u00a75 de la loi autrichienne sur le e-commerce (E-Commerce Gesetz (WKO)) <\/a><\/p><p>Acc\u00e8s aux dispositions applicables en mati\u00e8re de droit commercial ou professionnel, en particulier au code du commerce : voir le syst\u00e8me d&rsquo;information juridique de la F\u00e9d\u00e9ration <a href=\"https:\/\/www.ris.bka.gv.at\/\" target=\"_blank\" rel=\"noopener\">https:\/\/www.ris.bka.gv.at\/<\/a><\/p><p>R\u00e8glement des litiges de consommation\/organisme universel de conciliation : nous tenons toutefois \u00e0 souligner que nous ne sommes ni dispos\u00e9s ni tenus de participer \u00e0 une proc\u00e9dure de r\u00e8glement des litiges devant un organisme de conciliation des consommateurs.<\/p><p><strong><br \/>Exclusion de responsabilit\u00e9 :<br \/><\/strong><\/p><ol><li><strong>Contenu de l\u2019offre en ligne :<\/strong><br \/>L\u2019auteur ne garantit en aucun cas l\u2019actualit\u00e9, l&rsquo;exactitude, l&rsquo;exhaustivit\u00e9 ni la qualit\u00e9 des informations fournies. Toute responsabilit\u00e9 de l&rsquo;auteur concernant des dommages mat\u00e9riels ou immat\u00e9riels r\u00e9sultant de l&rsquo;utilisation ou de la non-utilisation des informations indiqu\u00e9es ou de l&rsquo;utilisation d&rsquo;informations erron\u00e9es ou incompl\u00e8tes est exclue, sauf en cas de faute intentionnelle ou de n\u00e9gligence grave d\u00e9montr\u00e9e de la part de l&rsquo;auteur. Toutes les offres sont sans engagement et non contractuelles. L&rsquo;auteur se r\u00e9serve express\u00e9ment le droit de modifier, compl\u00e9ter ou supprimer tout ou partie des pages ou de l&rsquo;offre sans pr\u00e9avis particulier, ou d&rsquo;en suspendre temporairement ou d\u00e9finitivement la publication.<\/li><li><strong>Renvois et liens :<\/strong><br \/>En cas de renvois directs ou indirects vers des sites Internet tiers (\u00ab\u00a0hyperliens\u00a0\u00bb) qui ne rel\u00e8vent pas de la responsabilit\u00e9 de l&rsquo;auteur, sa responsabilit\u00e9 ne pourrait \u00eatre engag\u00e9e que dans le cas o\u00f9 l&rsquo;auteur aurait connaissance des contenus et o\u00f9 il lui serait techniquement possible et raisonnable d&#8217;emp\u00eacher l&rsquo;utilisation de contenus ill\u00e9gaux. L&rsquo;auteur d\u00e9clare express\u00e9ment qu&rsquo;au moment de la cr\u00e9ation des liens, aucun contenu ill\u00e9gal n&rsquo;\u00e9tait identifiable sur les pages li\u00e9es. L&rsquo;auteur n&rsquo;a aucune influence sur la conception actuelle et future, les contenus ou la paternit\u00e9 des pages reli\u00e9es\/associ\u00e9es. C&rsquo;est pourquoi il se distancie ici express\u00e9ment de l\u2019ensemble des contenus de toutes les pages reli\u00e9es\/associ\u00e9es qui ont \u00e9t\u00e9 modifi\u00e9es apr\u00e8s la cr\u00e9ation des liens. Cette d\u00e9claration s&rsquo;applique \u00e0 tous les liens et renvois cr\u00e9\u00e9s dans le cadre de l&rsquo;offre web propre, ainsi qu&rsquo;aux entr\u00e9es externes dans les livres d&rsquo;or, forums de discussion, r\u00e9pertoires de liens, listes de diffusion et toutes autres formes de bases de donn\u00e9es cr\u00e9\u00e9es par l&rsquo;auteur et dont le contenu peut \u00eatre modifi\u00e9 par des tiers. Seul le fournisseur du site vers lequel renvoie le lien hypertexte est responsable des contenus ill\u00e9gaux, erron\u00e9s ou incomplets, et en particulier des dommages r\u00e9sultant de l&rsquo;utilisation ou de la non-utilisation des informations ainsi pr\u00e9sent\u00e9es, et non celui qui fait simplement r\u00e9f\u00e9rence \u00e0 la publication correspondante par des liens.<\/li><li><strong>Droit d\u2019auteur et droit des marques :<\/strong><br \/>L&rsquo;auteur s&rsquo;efforce de respecter les droits d&rsquo;auteur des images, graphiques, documents sonores, s\u00e9quences vid\u00e9o et textes utilis\u00e9s dans toutes les publications, d&rsquo;utiliser des images, graphiques, documents sonores, s\u00e9quences vid\u00e9o et textes cr\u00e9\u00e9s par lui-m\u00eame ou de recourir \u00e0 des graphiques, documents sonores, s\u00e9quences vid\u00e9o et textes libres de droits. Toutes les marques et marques d\u00e9pos\u00e9es mentionn\u00e9es dans l&rsquo;offre web et \u00e9ventuellement prot\u00e9g\u00e9es par des tiers sont soumises sans restriction aux dispositions du droit des marques en vigueur et aux droits de propri\u00e9t\u00e9 des propri\u00e9taires respectifs enregistr\u00e9s. La simple nomination ne suffit pas \u00e0 en d\u00e9duire l\u2019absence de marque d\u00e9pos\u00e9e prot\u00e9g\u00e9e par les droits de tiers\u00a0! Le droit d\u2019auteur des objets publi\u00e9s et cr\u00e9\u00e9s par l\u2019auteur lui-m\u00eame reste l\u2019unique propri\u00e9t\u00e9 de l\u2019auteur des pages. Toute reproduction ou utilisation de tels graphiques, documents sonores, s\u00e9quences vid\u00e9o et textes dans d\u2019autres publications \u00e9lectroniques et imprim\u00e9es sans autorisation expresse de l\u2019auteur est interdite.<\/li><li><strong>Protection des donn\u00e9es :<\/strong><br \/>Dans la mesure o\u00f9 l\u2019offre web permet la saisie de donn\u00e9es personnelles ou commerciales (adresses e-mail, noms, adresses), la divulgation de ces donn\u00e9es par l\u2019utilisateur s&rsquo;effectue sur une base express\u00e9ment volontaire. L&rsquo;utilisation et le paiement de tous les services propos\u00e9s sont \u00e9galement autoris\u00e9s sans fournir ces donn\u00e9es ou en fournissant des donn\u00e9es anonymis\u00e9es ou un pseudonyme, dans la mesure o\u00f9 cela est techniquement possible et acceptable. L&rsquo;utilisation des donn\u00e9es de contact publi\u00e9es dans le cadre des mentions l\u00e9gales ou similaires, comme les adresses postales, les num\u00e9ros de t\u00e9l\u00e9phone et de fax et les adresses e-mail par des tiers pour l\u2019envoi d&rsquo;informations non express\u00e9ment demand\u00e9es n\u2019est pas autoris\u00e9e. Nous nous r\u00e9servons express\u00e9ment le droit d&rsquo;initier des actions judiciaires contre les exp\u00e9diteurs d\u2019e-mails de spam en cas de non-respect de cette interdiction.<\/li><li><strong>Validit\u00e9 juridique de cette exclusion de responsabilit\u00e9 :<\/strong><br \/>Cette exclusion de responsabilit\u00e9 doit \u00eatre consid\u00e9r\u00e9e comme faisant partie int\u00e9grante de l&rsquo;offre web \u00e0 partir de laquelle vous avez \u00e9t\u00e9 redirig\u00e9 vers cette page. Si certaines parties ou formulations de ce texte ne correspondent pas, plus ou pas enti\u00e8rement \u00e0 la situation juridique en vigueur, cela n&rsquo;affecte en rien le contenu et la validit\u00e9 des autres parties du document.<\/li><\/ol><p><strong>\u00a9 IDEAL K\u00e4ltetechnik GmbH &amp; AKE Ausseer K\u00e4lte- und Edelstahltechnik GmbH. Tous droits r\u00e9serv\u00e9s.<\/strong><\/p>\t\t\t\t\t\t\t\t<\/div>\n\t\t\t\t<\/div>\n\t\t\t\t\t<\/div>\n\t\t\t\t<\/div>\n\t\t\t\t<\/div>\n\t\t","protected":false},"excerpt":{"rendered":"<p>Legal notice IDEAL K\u00e4ltetechnik Ges.m.b.H.In der Sch\u00f6rihub 284810 GmundenAutriche T\u00e9l : +43 7612 660 61Fax : +43 7612 660 61 &#8211; 8E-mail :\u00a0office@ideal-ake.at Direction : Peter Habersatter, Mag. Thomas Klikowitsch, MBANum\u00e9ro du registre du commerce et des soci\u00e9t\u00e9s : FN 102058kTribunal de commerce : Landesgericht Wels (tribunal judiciaire de Wels)n\u00b0 de TVA : ATU21957906 Objet [&hellip;]<\/p>\n","protected":false},"author":2,"featured_media":0,"parent":0,"menu_order":0,"comment_status":"closed","ping_status":"closed","template":"","meta":{"_acf_changed":false,"footnotes":""},"class_list":["post-238","page","type-page","status-publish","hentry"],"yoast_head":"<!-- This site is optimized with the Yoast SEO plugin v27.1.1 - https:\/\/yoast.com\/product\/yoast-seo-wordpress\/ -->\n<title>Mentions L\u00e9gales | IDEAL AKE<\/title>\n<meta name=\"robots\" content=\"noindex, follow\" \/>\n<meta property=\"og:locale\" content=\"fr_FR\" \/>\n<meta property=\"og:type\" content=\"article\" \/>\n<meta property=\"og:title\" content=\"Mentions L\u00e9gales | IDEAL AKE\" \/>\n<meta property=\"og:description\" content=\"Legal notice IDEAL K\u00e4ltetechnik Ges.m.b.H.In der Sch\u00f6rihub 284810 GmundenAutriche T\u00e9l : +43 7612 660 61Fax : +43 7612 660 61 &#8211; 8E-mail :\u00a0office@ideal-ake.at Direction : Peter Habersatter, Mag. Thomas Klikowitsch, MBANum\u00e9ro du registre du commerce et des soci\u00e9t\u00e9s : FN 102058kTribunal de commerce : Landesgericht Wels (tribunal judiciaire de Wels)n\u00b0 de TVA : ATU21957906 Objet [&hellip;]\" \/>\n<meta property=\"og:url\" content=\"https:\/\/www.ideal-ake.at\/fr\/mentions-legales\/\" \/>\n<meta property=\"og:site_name\" content=\"IDEAL AKE\" \/>\n<meta property=\"article:publisher\" content=\"https:\/\/www.facebook.com\/idealaketeam\" \/>\n<meta property=\"article:modified_time\" content=\"2026-03-04T11:43:03+00:00\" \/>\n<meta property=\"og:image\" content=\"https:\/\/www.ideal-ake.at\/fr\/wp-content\/uploads\/sites\/4\/2023\/07\/Ideal-Ake.png\" \/>\n\t<meta property=\"og:image:width\" content=\"1200\" \/>\n\t<meta property=\"og:image:height\" content=\"675\" \/>\n\t<meta property=\"og:image:type\" content=\"image\/png\" \/>\n<meta name=\"twitter:card\" content=\"summary_large_image\" \/>\n<meta name=\"twitter:label1\" content=\"Dur\u00e9e de lecture estim\u00e9e\" \/>\n\t<meta name=\"twitter:data1\" content=\"6 minutes\" \/>\n<script type=\"application\/ld+json\" class=\"yoast-schema-graph\">{\"@context\":\"https:\/\/schema.org\",\"@graph\":[{\"@type\":\"WebPage\",\"@id\":\"https:\/\/www.ideal-ake.at\/fr\/mentions-legales\/\",\"url\":\"https:\/\/www.ideal-ake.at\/fr\/mentions-legales\/\",\"name\":\"Mentions L\u00e9gales | IDEAL AKE\",\"isPartOf\":{\"@id\":\"https:\/\/www.ideal-ake.at\/fr\/#website\"},\"datePublished\":\"2022-09-28T13:38:52+00:00\",\"dateModified\":\"2026-03-04T11:43:03+00:00\",\"breadcrumb\":{\"@id\":\"https:\/\/www.ideal-ake.at\/fr\/mentions-legales\/#breadcrumb\"},\"inLanguage\":\"fr-FR\",\"potentialAction\":[{\"@type\":\"ReadAction\",\"target\":[\"https:\/\/www.ideal-ake.at\/fr\/mentions-legales\/\"]}]},{\"@type\":\"BreadcrumbList\",\"@id\":\"https:\/\/www.ideal-ake.at\/fr\/mentions-legales\/#breadcrumb\",\"itemListElement\":[{\"@type\":\"ListItem\",\"position\":1,\"name\":\"Startseite\",\"item\":\"https:\/\/www.ideal-ake.at\/fr\/\"},{\"@type\":\"ListItem\",\"position\":2,\"name\":\"Mentions L\u00e9gales\"}]},{\"@type\":\"WebSite\",\"@id\":\"https:\/\/www.ideal-ake.at\/fr\/#website\",\"url\":\"https:\/\/www.ideal-ake.at\/fr\/\",\"name\":\"IDEAL AKE\",\"description\":\"Le sp\u00e9cialiste mondial de la technique frigorifique et chauffante\",\"publisher\":{\"@id\":\"https:\/\/www.ideal-ake.at\/fr\/#organization\"},\"potentialAction\":[{\"@type\":\"SearchAction\",\"target\":{\"@type\":\"EntryPoint\",\"urlTemplate\":\"https:\/\/www.ideal-ake.at\/fr\/?s={search_term_string}\"},\"query-input\":{\"@type\":\"PropertyValueSpecification\",\"valueRequired\":true,\"valueName\":\"search_term_string\"}}],\"inLanguage\":\"fr-FR\"},{\"@type\":\"Organization\",\"@id\":\"https:\/\/www.ideal-ake.at\/fr\/#organization\",\"name\":\"IDEAL K\u00e4ltetechnik GmbH + AKE Ausseer K\u00e4lte- und Edelstahltechnik GmbH\",\"alternateName\":\"IDEAL AKE\",\"url\":\"https:\/\/www.ideal-ake.at\/fr\/\",\"logo\":{\"@type\":\"ImageObject\",\"inLanguage\":\"fr-FR\",\"@id\":\"https:\/\/www.ideal-ake.at\/fr\/#\/schema\/logo\/image\/\",\"url\":\"https:\/\/www.ideal-ake.at\/fr\/wp-content\/uploads\/sites\/4\/2023\/07\/ideal-ake-logo.svg\",\"contentUrl\":\"https:\/\/www.ideal-ake.at\/fr\/wp-content\/uploads\/sites\/4\/2023\/07\/ideal-ake-logo.svg\",\"width\":365.09,\"height\":132,\"caption\":\"IDEAL K\u00e4ltetechnik GmbH + AKE Ausseer K\u00e4lte- und Edelstahltechnik GmbH\"},\"image\":{\"@id\":\"https:\/\/www.ideal-ake.at\/fr\/#\/schema\/logo\/image\/\"},\"sameAs\":[\"https:\/\/www.facebook.com\/idealaketeam\",\"https:\/\/www.instagram.com\/idealaketeam\",\"https:\/\/www.linkedin.com\/company\/idealaketeam\",\"https:\/\/vimeo.com\/idealaketeam\",\"https:\/\/www.youtube.com\/@idealake_official\"]}]}<\/script>\n<!-- \/ Yoast SEO plugin. -->","yoast_head_json":{"title":"Mentions L\u00e9gales | IDEAL AKE","robots":{"index":"noindex","follow":"follow"},"og_locale":"fr_FR","og_type":"article","og_title":"Mentions L\u00e9gales | IDEAL AKE","og_description":"Legal notice IDEAL K\u00e4ltetechnik Ges.m.b.H.In der Sch\u00f6rihub 284810 GmundenAutriche T\u00e9l : +43 7612 660 61Fax : +43 7612 660 61 &#8211; 8E-mail :\u00a0office@ideal-ake.at Direction : Peter Habersatter, Mag. Thomas Klikowitsch, MBANum\u00e9ro du registre du commerce et des soci\u00e9t\u00e9s : FN 102058kTribunal de commerce : Landesgericht Wels (tribunal judiciaire de Wels)n\u00b0 de TVA : ATU21957906 Objet [&hellip;]","og_url":"https:\/\/www.ideal-ake.at\/fr\/mentions-legales\/","og_site_name":"IDEAL AKE","article_publisher":"https:\/\/www.facebook.com\/idealaketeam","article_modified_time":"2026-03-04T11:43:03+00:00","og_image":[{"width":1200,"height":675,"url":"https:\/\/www.ideal-ake.at\/fr\/wp-content\/uploads\/sites\/4\/2023\/07\/Ideal-Ake.png","type":"image\/png"}],"twitter_card":"summary_large_image","twitter_misc":{"Dur\u00e9e de lecture estim\u00e9e":"6 minutes"},"schema":{"@context":"https:\/\/schema.org","@graph":[{"@type":"WebPage","@id":"https:\/\/www.ideal-ake.at\/fr\/mentions-legales\/","url":"https:\/\/www.ideal-ake.at\/fr\/mentions-legales\/","name":"Mentions L\u00e9gales | IDEAL AKE","isPartOf":{"@id":"https:\/\/www.ideal-ake.at\/fr\/#website"},"datePublished":"2022-09-28T13:38:52+00:00","dateModified":"2026-03-04T11:43:03+00:00","breadcrumb":{"@id":"https:\/\/www.ideal-ake.at\/fr\/mentions-legales\/#breadcrumb"},"inLanguage":"fr-FR","potentialAction":[{"@type":"ReadAction","target":["https:\/\/www.ideal-ake.at\/fr\/mentions-legales\/"]}]},{"@type":"BreadcrumbList","@id":"https:\/\/www.ideal-ake.at\/fr\/mentions-legales\/#breadcrumb","itemListElement":[{"@type":"ListItem","position":1,"name":"Startseite","item":"https:\/\/www.ideal-ake.at\/fr\/"},{"@type":"ListItem","position":2,"name":"Mentions L\u00e9gales"}]},{"@type":"WebSite","@id":"https:\/\/www.ideal-ake.at\/fr\/#website","url":"https:\/\/www.ideal-ake.at\/fr\/","name":"IDEAL AKE","description":"Le sp\u00e9cialiste mondial de la technique frigorifique et chauffante","publisher":{"@id":"https:\/\/www.ideal-ake.at\/fr\/#organization"},"potentialAction":[{"@type":"SearchAction","target":{"@type":"EntryPoint","urlTemplate":"https:\/\/www.ideal-ake.at\/fr\/?s={search_term_string}"},"query-input":{"@type":"PropertyValueSpecification","valueRequired":true,"valueName":"search_term_string"}}],"inLanguage":"fr-FR"},{"@type":"Organization","@id":"https:\/\/www.ideal-ake.at\/fr\/#organization","name":"IDEAL K\u00e4ltetechnik GmbH + AKE Ausseer K\u00e4lte- und Edelstahltechnik GmbH","alternateName":"IDEAL AKE","url":"https:\/\/www.ideal-ake.at\/fr\/","logo":{"@type":"ImageObject","inLanguage":"fr-FR","@id":"https:\/\/www.ideal-ake.at\/fr\/#\/schema\/logo\/image\/","url":"https:\/\/www.ideal-ake.at\/fr\/wp-content\/uploads\/sites\/4\/2023\/07\/ideal-ake-logo.svg","contentUrl":"https:\/\/www.ideal-ake.at\/fr\/wp-content\/uploads\/sites\/4\/2023\/07\/ideal-ake-logo.svg","width":365.09,"height":132,"caption":"IDEAL K\u00e4ltetechnik GmbH + AKE Ausseer K\u00e4lte- und Edelstahltechnik GmbH"},"image":{"@id":"https:\/\/www.ideal-ake.at\/fr\/#\/schema\/logo\/image\/"},"sameAs":["https:\/\/www.facebook.com\/idealaketeam","https:\/\/www.instagram.com\/idealaketeam","https:\/\/www.linkedin.com\/company\/idealaketeam","https:\/\/vimeo.com\/idealaketeam","https:\/\/www.youtube.com\/@idealake_official"]}]}},"acf":[],"_links":{"self":[{"href":"https:\/\/www.ideal-ake.at\/fr\/wp-json\/wp\/v2\/pages\/238","targetHints":{"allow":["GET"]}}],"collection":[{"href":"https:\/\/www.ideal-ake.at\/fr\/wp-json\/wp\/v2\/pages"}],"about":[{"href":"https:\/\/www.ideal-ake.at\/fr\/wp-json\/wp\/v2\/types\/page"}],"author":[{"embeddable":true,"href":"https:\/\/www.ideal-ake.at\/fr\/wp-json\/wp\/v2\/users\/2"}],"replies":[{"embeddable":true,"href":"https:\/\/www.ideal-ake.at\/fr\/wp-json\/wp\/v2\/comments?post=238"}],"version-history":[{"count":7,"href":"https:\/\/www.ideal-ake.at\/fr\/wp-json\/wp\/v2\/pages\/238\/revisions"}],"predecessor-version":[{"id":12946,"href":"https:\/\/www.ideal-ake.at\/fr\/wp-json\/wp\/v2\/pages\/238\/revisions\/12946"}],"wp:attachment":[{"href":"https:\/\/www.ideal-ake.at\/fr\/wp-json\/wp\/v2\/media?parent=238"}],"curies":[{"name":"wp","href":"https:\/\/api.w.org\/{rel}","templated":true}]}}