{"id":11304,"date":"2024-04-19T11:42:56","date_gmt":"2024-04-19T09:42:56","guid":{"rendered":"https:\/\/www.ideal-ake.at\/fr\/?page_id=11304"},"modified":"2026-04-16T13:15:03","modified_gmt":"2026-04-16T11:15:03","slug":"telechargements","status":"publish","type":"page","link":"https:\/\/www.ideal-ake.at\/fr\/telechargements\/","title":{"rendered":"T\u00e9l\u00e9chargements"},"content":{"rendered":"\t\t<div data-elementor-type=\"wp-page\" data-elementor-id=\"11304\" class=\"elementor elementor-11304\" data-elementor-post-type=\"page\">\n\t\t\t\t<div class=\"elementor-element elementor-element-798303c e-con-full e-flex e-con e-parent\" data-id=\"798303c\" data-element_type=\"container\" data-e-type=\"container\" data-settings=\"{&quot;background_background&quot;:&quot;classic&quot;}\">\n\t\t<div class=\"elementor-element elementor-element-f85386e e-con-full e-flex e-con e-child\" data-id=\"f85386e\" data-element_type=\"container\" data-e-type=\"container\" data-settings=\"{&quot;shape_divider_bottom&quot;:&quot;tilt&quot;}\">\n\t\t\t\t<div class=\"elementor-shape elementor-shape-bottom\" aria-hidden=\"true\" data-negative=\"false\">\n\t\t\t<svg xmlns=\"http:\/\/www.w3.org\/2000\/svg\" viewBox=\"0 0 1000 100\" preserveAspectRatio=\"none\">\n\t<path class=\"elementor-shape-fill\" d=\"M0,6V0h1000v100L0,6z\"\/>\n<\/svg>\t\t<\/div>\n\t\t\t\t<\/div>\n\t\t<div class=\"elementor-element elementor-element-d88688d e-flex e-con-boxed e-con e-child\" data-id=\"d88688d\" data-element_type=\"container\" data-e-type=\"container\" data-settings=\"{&quot;background_background&quot;:&quot;classic&quot;}\">\n\t\t\t\t\t<div class=\"e-con-inner\">\n\t\t\t\t<div class=\"elementor-element elementor-element-1481c10 elementor-invisible elementor-widget elementor-widget-heading\" data-id=\"1481c10\" data-element_type=\"widget\" data-e-type=\"widget\" data-settings=\"{&quot;_animation&quot;:&quot;fadeIn&quot;}\" data-widget_type=\"heading.default\">\n\t\t\t\t<div class=\"elementor-widget-container\">\n\t\t\t\t\t<h1 class=\"elementor-heading-title elementor-size-default\">T\u00e9l\u00e9chargements<\/h1>\t\t\t\t<\/div>\n\t\t\t\t<\/div>\n\t\t\t\t<div class=\"elementor-element elementor-element-00e7379 elementor-invisible elementor-widget elementor-widget-heading\" data-id=\"00e7379\" data-element_type=\"widget\" data-e-type=\"widget\" data-settings=\"{&quot;_animation&quot;:&quot;fadeIn&quot;}\" data-widget_type=\"heading.default\">\n\t\t\t\t<div class=\"elementor-widget-container\">\n\t\t\t\t\t<h2 class=\"elementor-heading-title elementor-size-default\">Toujours bien inform\u00e9<\/h2>\t\t\t\t<\/div>\n\t\t\t\t<\/div>\n\t\t\t\t<div class=\"elementor-element elementor-element-51402c8 elementor-widget__width-initial elementor-widget-tablet__width-inherit elementor-invisible elementor-widget elementor-widget-text-editor\" data-id=\"51402c8\" data-element_type=\"widget\" data-e-type=\"widget\" data-settings=\"{&quot;_animation&quot;:&quot;fadeIn&quot;}\" data-widget_type=\"text-editor.default\">\n\t\t\t\t<div class=\"elementor-widget-container\">\n\t\t\t\t\t\t\t\t\t<p>Obtenez des documents informatifs, des guides utiles ou des informations sur notre entreprise en un seul clic !<\/p>\t\t\t\t\t\t\t\t<\/div>\n\t\t\t\t<\/div>\n\t\t\t\t\t<\/div>\n\t\t\t\t<\/div>\n\t\t\t\t<\/div>\n\t\t<div class=\"elementor-element elementor-element-dfbc025 e-flex e-con-boxed e-con e-parent\" data-id=\"dfbc025\" data-element_type=\"container\" data-e-type=\"container\">\n\t\t\t\t\t<div class=\"e-con-inner\">\n\t\t<div class=\"elementor-element elementor-element-382a2cb e-con-full e-flex e-con e-child\" data-id=\"382a2cb\" data-element_type=\"container\" data-e-type=\"container\" data-settings=\"{&quot;animation_mobile&quot;:&quot;fadeInUp&quot;}\">\n\t\t\t\t<div class=\"elementor-element elementor-element-f19e97a elementor-widget elementor-widget-image\" data-id=\"f19e97a\" data-element_type=\"widget\" data-e-type=\"widget\" data-widget_type=\"image.default\">\n\t\t\t\t<div class=\"elementor-widget-container\">\n\t\t\t\t\t\t\t\t\t\t\t\t\t\t\t\t<a href=\"https:\/\/www.ideal-ake.at\/fr\/documents\/\">\n\t\t\t\t\t\t\t<img fetchpriority=\"high\" decoding=\"async\" width=\"560\" height=\"373\" src=\"https:\/\/www.ideal-ake.at\/fr\/wp-content\/uploads\/sites\/4\/2026\/04\/dokumente-downloads.webp\" class=\"attachment-full size-full wp-image-13307\" alt=\"\" srcset=\"https:\/\/www.ideal-ake.at\/fr\/wp-content\/uploads\/sites\/4\/2026\/04\/dokumente-downloads.webp 560w, https:\/\/www.ideal-ake.at\/fr\/wp-content\/uploads\/sites\/4\/2026\/04\/dokumente-downloads-324x216.webp 324w\" sizes=\"(max-width: 560px) 100vw, 560px\" \/>\t\t\t\t\t\t\t\t<\/a>\n\t\t\t\t\t\t\t\t\t\t\t\t\t\t\t<\/div>\n\t\t\t\t<\/div>\n\t\t\t\t<div class=\"elementor-element elementor-element-9c36103 elementor-widget elementor-widget-heading\" data-id=\"9c36103\" data-element_type=\"widget\" data-e-type=\"widget\" data-widget_type=\"heading.default\">\n\t\t\t\t<div class=\"elementor-widget-container\">\n\t\t\t\t\t<h2 class=\"elementor-heading-title elementor-size-default\"><a href=\"https:\/\/www.ideal-ake.at\/fr\/documents\/\">Documents<\/a><\/h2>\t\t\t\t<\/div>\n\t\t\t\t<\/div>\n\t\t\t\t<\/div>\n\t\t<div class=\"elementor-element elementor-element-16ffc4b e-con-full e-flex e-con e-child\" data-id=\"16ffc4b\" data-element_type=\"container\" data-e-type=\"container\" data-settings=\"{&quot;animation_mobile&quot;:&quot;fadeInUp&quot;}\">\n\t\t\t\t<div class=\"elementor-element elementor-element-affdcf7 elementor-widget elementor-widget-image\" data-id=\"affdcf7\" data-element_type=\"widget\" data-e-type=\"widget\" data-widget_type=\"image.default\">\n\t\t\t\t<div class=\"elementor-widget-container\">\n\t\t\t\t\t\t\t\t\t\t\t\t\t\t\t\t<a href=\"https:\/\/www.ideal-ake.at\/fr\/brochures\/\">\n\t\t\t\t\t\t\t<img decoding=\"async\" width=\"560\" height=\"373\" src=\"https:\/\/www.ideal-ake.at\/fr\/wp-content\/uploads\/sites\/4\/2026\/04\/broschueren-download.webp\" class=\"attachment-full size-full wp-image-13308\" alt=\"\" srcset=\"https:\/\/www.ideal-ake.at\/fr\/wp-content\/uploads\/sites\/4\/2026\/04\/broschueren-download.webp 560w, https:\/\/www.ideal-ake.at\/fr\/wp-content\/uploads\/sites\/4\/2026\/04\/broschueren-download-324x216.webp 324w\" sizes=\"(max-width: 560px) 100vw, 560px\" \/>\t\t\t\t\t\t\t\t<\/a>\n\t\t\t\t\t\t\t\t\t\t\t\t\t\t\t<\/div>\n\t\t\t\t<\/div>\n\t\t\t\t<div class=\"elementor-element elementor-element-dae4417 elementor-widget elementor-widget-heading\" data-id=\"dae4417\" data-element_type=\"widget\" data-e-type=\"widget\" data-widget_type=\"heading.default\">\n\t\t\t\t<div class=\"elementor-widget-container\">\n\t\t\t\t\t<h2 class=\"elementor-heading-title elementor-size-default\"><a href=\"https:\/\/www.ideal-ake.at\/fr\/brochures\/\">Brochures<\/a><\/h2>\t\t\t\t<\/div>\n\t\t\t\t<\/div>\n\t\t\t\t<\/div>\n\t\t<div class=\"elementor-element elementor-element-b82184d e-con-full e-flex e-con e-child\" data-id=\"b82184d\" data-element_type=\"container\" data-e-type=\"container\" data-settings=\"{&quot;animation_mobile&quot;:&quot;fadeInUp&quot;}\">\n\t\t\t\t<div class=\"elementor-element elementor-element-0ececb9 elementor-widget elementor-widget-image\" data-id=\"0ececb9\" data-element_type=\"widget\" data-e-type=\"widget\" data-widget_type=\"image.default\">\n\t\t\t\t<div class=\"elementor-widget-container\">\n\t\t\t\t\t\t\t\t\t\t\t\t\t\t\t\t<a href=\"https:\/\/www.ideal-ake.at\/fr\/logiciel\/\">\n\t\t\t\t\t\t\t<img decoding=\"async\" width=\"560\" height=\"373\" src=\"https:\/\/www.ideal-ake.at\/fr\/wp-content\/uploads\/sites\/4\/2026\/04\/software-downloads.webp\" class=\"attachment-full size-full wp-image-13309\" alt=\"\" srcset=\"https:\/\/www.ideal-ake.at\/fr\/wp-content\/uploads\/sites\/4\/2026\/04\/software-downloads.webp 560w, https:\/\/www.ideal-ake.at\/fr\/wp-content\/uploads\/sites\/4\/2026\/04\/software-downloads-324x216.webp 324w\" sizes=\"(max-width: 560px) 100vw, 560px\" \/>\t\t\t\t\t\t\t\t<\/a>\n\t\t\t\t\t\t\t\t\t\t\t\t\t\t\t<\/div>\n\t\t\t\t<\/div>\n\t\t\t\t<div class=\"elementor-element elementor-element-7f84b97 elementor-widget elementor-widget-heading\" data-id=\"7f84b97\" data-element_type=\"widget\" data-e-type=\"widget\" data-widget_type=\"heading.default\">\n\t\t\t\t<div class=\"elementor-widget-container\">\n\t\t\t\t\t<h2 class=\"elementor-heading-title elementor-size-default\"><a href=\"https:\/\/www.ideal-ake.at\/fr\/logiciel\/\">Logiciel<\/a><\/h2>\t\t\t\t<\/div>\n\t\t\t\t<\/div>\n\t\t\t\t<\/div>\n\t\t\t\t\t<\/div>\n\t\t\t\t<\/div>\n\t\t\t\t<\/div>\n\t\t","protected":false},"excerpt":{"rendered":"<p>T\u00e9l\u00e9chargements Toujours bien inform\u00e9 Obtenez des documents informatifs, des guides utiles ou des informations sur notre entreprise en un seul clic ! Documents Brochures Logiciel<\/p>\n","protected":false},"author":17,"featured_media":0,"parent":0,"menu_order":0,"comment_status":"closed","ping_status":"closed","template":"","meta":{"_acf_changed":false,"footnotes":""},"class_list":["post-11304","page","type-page","status-publish","hentry"],"yoast_head":"<!-- This site is optimized with the Yoast SEO plugin v27.1.1 - https:\/\/yoast.com\/product\/yoast-seo-wordpress\/ -->\n<title>T\u00e9l\u00e9chargements | IDEAL AKE<\/title>\n<meta name=\"robots\" content=\"index, follow, max-snippet:-1, max-image-preview:large, max-video-preview:-1\" \/>\n<link rel=\"canonical\" href=\"https:\/\/www.ideal-ake.at\/fr\/telechargements\/\" \/>\n<meta property=\"og:locale\" content=\"fr_FR\" \/>\n<meta property=\"og:type\" content=\"article\" \/>\n<meta property=\"og:title\" content=\"T\u00e9l\u00e9chargements | IDEAL AKE\" \/>\n<meta property=\"og:description\" content=\"T\u00e9l\u00e9chargements Toujours bien inform\u00e9 Obtenez des documents informatifs, des guides utiles ou des informations sur notre entreprise en un seul clic ! Documents Brochures Logiciel\" \/>\n<meta property=\"og:url\" content=\"https:\/\/www.ideal-ake.at\/fr\/telechargements\/\" \/>\n<meta property=\"og:site_name\" content=\"IDEAL AKE\" \/>\n<meta property=\"article:publisher\" content=\"https:\/\/www.facebook.com\/idealaketeam\" \/>\n<meta property=\"article:modified_time\" content=\"2026-04-16T11:15:03+00:00\" \/>\n<meta property=\"og:image\" content=\"https:\/\/www.ideal-ake.at\/fr\/wp-content\/uploads\/sites\/4\/2026\/04\/dokumente-downloads.webp\" \/>\n<meta name=\"twitter:card\" content=\"summary_large_image\" \/>\n<meta name=\"twitter:label1\" content=\"Dur\u00e9e de lecture estim\u00e9e\" \/>\n\t<meta name=\"twitter:data1\" content=\"1 minute\" \/>\n<script type=\"application\/ld+json\" class=\"yoast-schema-graph\">{\"@context\":\"https:\/\/schema.org\",\"@graph\":[{\"@type\":\"WebPage\",\"@id\":\"https:\/\/www.ideal-ake.at\/fr\/telechargements\/\",\"url\":\"https:\/\/www.ideal-ake.at\/fr\/telechargements\/\",\"name\":\"T\u00e9l\u00e9chargements | IDEAL AKE\",\"isPartOf\":{\"@id\":\"https:\/\/www.ideal-ake.at\/fr\/#website\"},\"primaryImageOfPage\":{\"@id\":\"https:\/\/www.ideal-ake.at\/fr\/telechargements\/#primaryimage\"},\"image\":{\"@id\":\"https:\/\/www.ideal-ake.at\/fr\/telechargements\/#primaryimage\"},\"thumbnailUrl\":\"https:\/\/www.ideal-ake.at\/fr\/wp-content\/uploads\/sites\/4\/2026\/04\/dokumente-downloads.webp\",\"datePublished\":\"2024-04-19T09:42:56+00:00\",\"dateModified\":\"2026-04-16T11:15:03+00:00\",\"breadcrumb\":{\"@id\":\"https:\/\/www.ideal-ake.at\/fr\/telechargements\/#breadcrumb\"},\"inLanguage\":\"fr-FR\",\"potentialAction\":[{\"@type\":\"ReadAction\",\"target\":[\"https:\/\/www.ideal-ake.at\/fr\/telechargements\/\"]}]},{\"@type\":\"ImageObject\",\"inLanguage\":\"fr-FR\",\"@id\":\"https:\/\/www.ideal-ake.at\/fr\/telechargements\/#primaryimage\",\"url\":\"https:\/\/www.ideal-ake.at\/fr\/wp-content\/uploads\/sites\/4\/2026\/04\/dokumente-downloads.webp\",\"contentUrl\":\"https:\/\/www.ideal-ake.at\/fr\/wp-content\/uploads\/sites\/4\/2026\/04\/dokumente-downloads.webp\",\"width\":560,\"height\":373},{\"@type\":\"BreadcrumbList\",\"@id\":\"https:\/\/www.ideal-ake.at\/fr\/telechargements\/#breadcrumb\",\"itemListElement\":[{\"@type\":\"ListItem\",\"position\":1,\"name\":\"Startseite\",\"item\":\"https:\/\/www.ideal-ake.at\/fr\/\"},{\"@type\":\"ListItem\",\"position\":2,\"name\":\"T\u00e9l\u00e9chargements\"}]},{\"@type\":\"WebSite\",\"@id\":\"https:\/\/www.ideal-ake.at\/fr\/#website\",\"url\":\"https:\/\/www.ideal-ake.at\/fr\/\",\"name\":\"IDEAL AKE\",\"description\":\"Le sp\u00e9cialiste mondial de la technique frigorifique et chauffante\",\"publisher\":{\"@id\":\"https:\/\/www.ideal-ake.at\/fr\/#organization\"},\"potentialAction\":[{\"@type\":\"SearchAction\",\"target\":{\"@type\":\"EntryPoint\",\"urlTemplate\":\"https:\/\/www.ideal-ake.at\/fr\/?s={search_term_string}\"},\"query-input\":{\"@type\":\"PropertyValueSpecification\",\"valueRequired\":true,\"valueName\":\"search_term_string\"}}],\"inLanguage\":\"fr-FR\"},{\"@type\":\"Organization\",\"@id\":\"https:\/\/www.ideal-ake.at\/fr\/#organization\",\"name\":\"IDEAL K\u00e4ltetechnik GmbH + AKE Ausseer K\u00e4lte- und Edelstahltechnik GmbH\",\"alternateName\":\"IDEAL AKE\",\"url\":\"https:\/\/www.ideal-ake.at\/fr\/\",\"logo\":{\"@type\":\"ImageObject\",\"inLanguage\":\"fr-FR\",\"@id\":\"https:\/\/www.ideal-ake.at\/fr\/#\/schema\/logo\/image\/\",\"url\":\"https:\/\/www.ideal-ake.at\/fr\/wp-content\/uploads\/sites\/4\/2023\/07\/ideal-ake-logo.svg\",\"contentUrl\":\"https:\/\/www.ideal-ake.at\/fr\/wp-content\/uploads\/sites\/4\/2023\/07\/ideal-ake-logo.svg\",\"width\":365.09,\"height\":132,\"caption\":\"IDEAL K\u00e4ltetechnik GmbH + AKE Ausseer K\u00e4lte- und Edelstahltechnik GmbH\"},\"image\":{\"@id\":\"https:\/\/www.ideal-ake.at\/fr\/#\/schema\/logo\/image\/\"},\"sameAs\":[\"https:\/\/www.facebook.com\/idealaketeam\",\"https:\/\/www.instagram.com\/idealaketeam\",\"https:\/\/www.linkedin.com\/company\/idealaketeam\",\"https:\/\/vimeo.com\/idealaketeam\",\"https:\/\/www.youtube.com\/@idealake_official\"]}]}<\/script>\n<!-- \/ Yoast SEO plugin. -->","yoast_head_json":{"title":"T\u00e9l\u00e9chargements | IDEAL AKE","robots":{"index":"index","follow":"follow","max-snippet":"max-snippet:-1","max-image-preview":"max-image-preview:large","max-video-preview":"max-video-preview:-1"},"canonical":"https:\/\/www.ideal-ake.at\/fr\/telechargements\/","og_locale":"fr_FR","og_type":"article","og_title":"T\u00e9l\u00e9chargements | IDEAL AKE","og_description":"T\u00e9l\u00e9chargements Toujours bien inform\u00e9 Obtenez des documents informatifs, des guides utiles ou des informations sur notre entreprise en un seul clic ! Documents Brochures Logiciel","og_url":"https:\/\/www.ideal-ake.at\/fr\/telechargements\/","og_site_name":"IDEAL AKE","article_publisher":"https:\/\/www.facebook.com\/idealaketeam","article_modified_time":"2026-04-16T11:15:03+00:00","og_image":[{"url":"https:\/\/www.ideal-ake.at\/fr\/wp-content\/uploads\/sites\/4\/2026\/04\/dokumente-downloads.webp","type":"","width":"","height":""}],"twitter_card":"summary_large_image","twitter_misc":{"Dur\u00e9e de lecture estim\u00e9e":"1 minute"},"schema":{"@context":"https:\/\/schema.org","@graph":[{"@type":"WebPage","@id":"https:\/\/www.ideal-ake.at\/fr\/telechargements\/","url":"https:\/\/www.ideal-ake.at\/fr\/telechargements\/","name":"T\u00e9l\u00e9chargements | IDEAL AKE","isPartOf":{"@id":"https:\/\/www.ideal-ake.at\/fr\/#website"},"primaryImageOfPage":{"@id":"https:\/\/www.ideal-ake.at\/fr\/telechargements\/#primaryimage"},"image":{"@id":"https:\/\/www.ideal-ake.at\/fr\/telechargements\/#primaryimage"},"thumbnailUrl":"https:\/\/www.ideal-ake.at\/fr\/wp-content\/uploads\/sites\/4\/2026\/04\/dokumente-downloads.webp","datePublished":"2024-04-19T09:42:56+00:00","dateModified":"2026-04-16T11:15:03+00:00","breadcrumb":{"@id":"https:\/\/www.ideal-ake.at\/fr\/telechargements\/#breadcrumb"},"inLanguage":"fr-FR","potentialAction":[{"@type":"ReadAction","target":["https:\/\/www.ideal-ake.at\/fr\/telechargements\/"]}]},{"@type":"ImageObject","inLanguage":"fr-FR","@id":"https:\/\/www.ideal-ake.at\/fr\/telechargements\/#primaryimage","url":"https:\/\/www.ideal-ake.at\/fr\/wp-content\/uploads\/sites\/4\/2026\/04\/dokumente-downloads.webp","contentUrl":"https:\/\/www.ideal-ake.at\/fr\/wp-content\/uploads\/sites\/4\/2026\/04\/dokumente-downloads.webp","width":560,"height":373},{"@type":"BreadcrumbList","@id":"https:\/\/www.ideal-ake.at\/fr\/telechargements\/#breadcrumb","itemListElement":[{"@type":"ListItem","position":1,"name":"Startseite","item":"https:\/\/www.ideal-ake.at\/fr\/"},{"@type":"ListItem","position":2,"name":"T\u00e9l\u00e9chargements"}]},{"@type":"WebSite","@id":"https:\/\/www.ideal-ake.at\/fr\/#website","url":"https:\/\/www.ideal-ake.at\/fr\/","name":"IDEAL AKE","description":"Le sp\u00e9cialiste mondial de la technique frigorifique et chauffante","publisher":{"@id":"https:\/\/www.ideal-ake.at\/fr\/#organization"},"potentialAction":[{"@type":"SearchAction","target":{"@type":"EntryPoint","urlTemplate":"https:\/\/www.ideal-ake.at\/fr\/?s={search_term_string}"},"query-input":{"@type":"PropertyValueSpecification","valueRequired":true,"valueName":"search_term_string"}}],"inLanguage":"fr-FR"},{"@type":"Organization","@id":"https:\/\/www.ideal-ake.at\/fr\/#organization","name":"IDEAL K\u00e4ltetechnik GmbH + AKE Ausseer K\u00e4lte- und Edelstahltechnik GmbH","alternateName":"IDEAL AKE","url":"https:\/\/www.ideal-ake.at\/fr\/","logo":{"@type":"ImageObject","inLanguage":"fr-FR","@id":"https:\/\/www.ideal-ake.at\/fr\/#\/schema\/logo\/image\/","url":"https:\/\/www.ideal-ake.at\/fr\/wp-content\/uploads\/sites\/4\/2023\/07\/ideal-ake-logo.svg","contentUrl":"https:\/\/www.ideal-ake.at\/fr\/wp-content\/uploads\/sites\/4\/2023\/07\/ideal-ake-logo.svg","width":365.09,"height":132,"caption":"IDEAL K\u00e4ltetechnik GmbH + AKE Ausseer K\u00e4lte- und Edelstahltechnik GmbH"},"image":{"@id":"https:\/\/www.ideal-ake.at\/fr\/#\/schema\/logo\/image\/"},"sameAs":["https:\/\/www.facebook.com\/idealaketeam","https:\/\/www.instagram.com\/idealaketeam","https:\/\/www.linkedin.com\/company\/idealaketeam","https:\/\/vimeo.com\/idealaketeam","https:\/\/www.youtube.com\/@idealake_official"]}]}},"acf":[],"_links":{"self":[{"href":"https:\/\/www.ideal-ake.at\/fr\/wp-json\/wp\/v2\/pages\/11304","targetHints":{"allow":["GET"]}}],"collection":[{"href":"https:\/\/www.ideal-ake.at\/fr\/wp-json\/wp\/v2\/pages"}],"about":[{"href":"https:\/\/www.ideal-ake.at\/fr\/wp-json\/wp\/v2\/types\/page"}],"author":[{"embeddable":true,"href":"https:\/\/www.ideal-ake.at\/fr\/wp-json\/wp\/v2\/users\/17"}],"replies":[{"embeddable":true,"href":"https:\/\/www.ideal-ake.at\/fr\/wp-json\/wp\/v2\/comments?post=11304"}],"version-history":[{"count":7,"href":"https:\/\/www.ideal-ake.at\/fr\/wp-json\/wp\/v2\/pages\/11304\/revisions"}],"predecessor-version":[{"id":13313,"href":"https:\/\/www.ideal-ake.at\/fr\/wp-json\/wp\/v2\/pages\/11304\/revisions\/13313"}],"wp:attachment":[{"href":"https:\/\/www.ideal-ake.at\/fr\/wp-json\/wp\/v2\/media?parent=11304"}],"curies":[{"name":"wp","href":"https:\/\/api.w.org\/{rel}","templated":true}]}}